{"id":566,"date":"2025-08-13T13:11:02","date_gmt":"2025-08-13T11:11:02","guid":{"rendered":"https:\/\/tastfigueres.com\/?post_type=product&#038;p=566"},"modified":"2025-10-15T09:39:14","modified_gmt":"2025-10-15T07:39:14","slug":"cafe-de-la-casa","status":"publish","type":"product","link":"https:\/\/tastfigueres.com\/es\/producto\/cafe-de-la-casa\/","title":{"rendered":"Caf\u00e9 de la casa"},"content":{"rendered":"\t\t<div data-elementor-type=\"wp-post\" data-elementor-id=\"566\" class=\"elementor elementor-566\">\n\t\t\t\t<div class=\"elementor-element elementor-element-461de036 e-flex e-con-boxed e-con e-parent\" data-id=\"461de036\" data-element_type=\"container\" data-e-type=\"container\">\n\t\t\t\t\t<div class=\"e-con-inner\">\n\t\t\t\t<div class=\"elementor-element elementor-element-617f5f73 elementor-widget elementor-widget-text-editor\" data-id=\"617f5f73\" data-element_type=\"widget\" data-e-type=\"widget\" data-widget_type=\"text-editor.default\">\n\t\t\t\t\t\t\t\t\t<p>\u201cDe la Casa\u201d es el coraz\u00f3n de nuestro tostador desde hace m\u00e1s de 30 a\u00f1os. Una mezcla artesanal que une caf\u00e9s de especialidad de Brasil, Colombia, Costa Rica y Kenia, cuidadosamente seleccionados cada temporada.<\/p><p>Su sabor evoluciona con las cosechas y el clima, manteniendo siempre un perfil equilibrado y arm\u00f3nico, con notas dulces, frutales y un cuerpo redondo que refleja nuestra esencia.<\/p><p>Un caf\u00e9 natural, cambiante y aut\u00e9ntico, que cuenta nuestra historia en cada taza.<\/p>\t\t\t\t\t\t\t\t<\/div>\n\t\t\t\t<div class=\"elementor-element elementor-element-6f485f79 elementor-widget-divider--view-line elementor-widget elementor-widget-divider\" data-id=\"6f485f79\" data-element_type=\"widget\" data-e-type=\"widget\" data-widget_type=\"divider.default\">\n\t\t\t\t\t\t\t<div class=\"elementor-divider\">\n\t\t\t<span class=\"elementor-divider-separator\">\n\t\t\t\t\t\t<\/span>\n\t\t<\/div>\n\t\t\t\t\t\t<\/div>\n\t\t<div class=\"elementor-element elementor-element-b564c69 e-con-full e-flex e-con e-child\" data-id=\"b564c69\" data-element_type=\"container\" data-e-type=\"container\">\n\t\t<div class=\"elementor-element elementor-element-6d296f00 e-grid e-con-full e-con e-child\" data-id=\"6d296f00\" data-element_type=\"container\" data-e-type=\"container\">\n\t\t\t\t<div class=\"elementor-element elementor-element-30215556 elementor-widget elementor-widget-image\" data-id=\"30215556\" data-element_type=\"widget\" data-e-type=\"widget\" data-widget_type=\"image.default\">\n\t\t\t\t\t\t\t\t\t\t\t\t\t\t\t<img decoding=\"async\" width=\"100\" height=\"100\" src=\"https:\/\/tastfigueres.com\/wp-content\/uploads\/2025\/08\/coffee-machine.png\" class=\"attachment-large size-large wp-image-505\" alt=\"\" \/>\t\t\t\t\t\t\t\t\t\t\t\t\t\t\t<\/div>\n\t\t\t\t<div class=\"elementor-element elementor-element-3bb1c6b8 elementor-widget elementor-widget-image\" data-id=\"3bb1c6b8\" data-element_type=\"widget\" data-e-type=\"widget\" data-widget_type=\"image.default\">\n\t\t\t\t\t\t\t\t\t\t\t\t\t\t\t<img decoding=\"async\" width=\"100\" height=\"100\" src=\"https:\/\/tastfigueres.com\/wp-content\/uploads\/2025\/08\/coffee-maker.png\" class=\"attachment-large size-large wp-image-507\" alt=\"\" \/>\t\t\t\t\t\t\t\t\t\t\t\t\t\t\t<\/div>\n\t\t\t\t<div class=\"elementor-element elementor-element-3a941f03 elementor-widget elementor-widget-image\" data-id=\"3a941f03\" data-element_type=\"widget\" data-e-type=\"widget\" data-widget_type=\"image.default\">\n\t\t\t\t\t\t\t\t\t\t\t\t\t\t\t<img decoding=\"async\" width=\"100\" height=\"100\" src=\"https:\/\/tastfigueres.com\/wp-content\/uploads\/2025\/08\/teapot.png\" class=\"attachment-large size-large wp-image-511\" alt=\"\" \/>\t\t\t\t\t\t\t\t\t\t\t\t\t\t\t<\/div>\n\t\t\t\t<div class=\"elementor-element elementor-element-5ea595c5 elementor-widget elementor-widget-image\" data-id=\"5ea595c5\" data-element_type=\"widget\" data-e-type=\"widget\" data-widget_type=\"image.default\">\n\t\t\t\t\t\t\t\t\t\t\t\t\t\t\t<img loading=\"lazy\" decoding=\"async\" width=\"100\" height=\"100\" src=\"https:\/\/tastfigueres.com\/wp-content\/uploads\/2025\/08\/coffee-pot.png\" class=\"attachment-large size-large wp-image-509\" alt=\"\" \/>\t\t\t\t\t\t\t\t\t\t\t\t\t\t\t<\/div>\n\t\t\t\t<\/div>\n\t\t\t\t<\/div>\n\t\t\t\t\t<\/div>\n\t\t\t\t<\/div>\n\t\t\t\t<\/div>\n\t\t","protected":false},"excerpt":{"rendered":"<p>Nuestro caf\u00e9 \u201cDe la Casa\u201d es una mezcla artesanal con m\u00e1s de 30 a\u00f1os de historia. Equilibrado, arom\u00e1tico y siempre \u00fanico, combina or\u00edgenes de Brasil, Colombia, Costa Rica y Kenia.<\/p>\n","protected":false},"featured_media":1434,"template":"","meta":{"_monsterinsights_skip_tracking":false,"_monsterinsights_sitenote_active":false,"_monsterinsights_sitenote_note":"","_monsterinsights_sitenote_category":0},"product_brand":[],"product_cat":[70],"product_tag":[],"class_list":{"0":"post-566","1":"product","2":"type-product","3":"status-publish","4":"has-post-thumbnail","6":"product_cat-comprar-cafe","8":"first","9":"instock","10":"shipping-taxable","11":"product-type-simple"},"yoast_head":"<!-- This site is optimized with the Yoast SEO plugin v27.4 - https:\/\/yoast.com\/product\/yoast-seo-wordpress\/ -->\n<title>Caf\u00e9 de la casa - Tast Figueres<\/title>\n<meta name=\"robots\" content=\"index, follow, max-snippet:-1, max-image-preview:large, max-video-preview:-1\" \/>\n<link rel=\"canonical\" href=\"https:\/\/tastfigueres.com\/es\/producto\/cafe-de-la-casa\/\" \/>\n<meta property=\"og:locale\" content=\"es_ES\" \/>\n<meta property=\"og:type\" content=\"article\" \/>\n<meta property=\"og:title\" content=\"Caf\u00e9 de la casa - Tast Figueres\" \/>\n<meta property=\"og:description\" content=\"Nuestro caf\u00e9 \u201cDe la Casa\u201d es una mezcla artesanal con m\u00e1s de 30 a\u00f1os de historia. Equilibrado, arom\u00e1tico y siempre \u00fanico, combina or\u00edgenes de Brasil, Colombia, Costa Rica y Kenia.\" \/>\n<meta property=\"og:url\" content=\"https:\/\/tastfigueres.com\/es\/producto\/cafe-de-la-casa\/\" \/>\n<meta property=\"og:site_name\" content=\"Tast Figueres\" \/>\n<meta property=\"article:publisher\" content=\"https:\/\/www.facebook.com\/tastfigueres\/\" \/>\n<meta property=\"article:modified_time\" content=\"2025-10-15T07:39:14+00:00\" \/>\n<meta property=\"og:image\" content=\"https:\/\/tastfigueres.com\/wp-content\/uploads\/2025\/08\/cafe-de-la-casa-01-1.jpg\" \/>\n\t<meta property=\"og:image:width\" content=\"596\" \/>\n\t<meta property=\"og:image:height\" content=\"912\" \/>\n\t<meta property=\"og:image:type\" content=\"image\/jpeg\" \/>\n<meta name=\"twitter:card\" content=\"summary_large_image\" \/>\n<meta name=\"twitter:label1\" content=\"Tiempo de lectura\" \/>\n\t<meta name=\"twitter:data1\" content=\"1 minuto\" \/>\n<script type=\"application\/ld+json\" class=\"yoast-schema-graph\">{\"@context\":\"https:\\\/\\\/schema.org\",\"@graph\":[{\"@type\":\"WebPage\",\"@id\":\"https:\\\/\\\/tastfigueres.com\\\/es\\\/producto\\\/cafe-de-la-casa\\\/\",\"url\":\"https:\\\/\\\/tastfigueres.com\\\/es\\\/producto\\\/cafe-de-la-casa\\\/\",\"name\":\"Caf\u00e9 de la casa - Tast Figueres\",\"isPartOf\":{\"@id\":\"https:\\\/\\\/tastfigueres.com\\\/es\\\/#website\"},\"primaryImageOfPage\":{\"@id\":\"https:\\\/\\\/tastfigueres.com\\\/es\\\/producto\\\/cafe-de-la-casa\\\/#primaryimage\"},\"image\":{\"@id\":\"https:\\\/\\\/tastfigueres.com\\\/es\\\/producto\\\/cafe-de-la-casa\\\/#primaryimage\"},\"thumbnailUrl\":\"https:\\\/\\\/tastfigueres.com\\\/wp-content\\\/uploads\\\/2025\\\/08\\\/cafe-de-la-casa-01-1.jpg\",\"datePublished\":\"2025-08-13T11:11:02+00:00\",\"dateModified\":\"2025-10-15T07:39:14+00:00\",\"breadcrumb\":{\"@id\":\"https:\\\/\\\/tastfigueres.com\\\/es\\\/producto\\\/cafe-de-la-casa\\\/#breadcrumb\"},\"inLanguage\":\"es\",\"potentialAction\":[{\"@type\":\"ReadAction\",\"target\":[\"https:\\\/\\\/tastfigueres.com\\\/es\\\/producto\\\/cafe-de-la-casa\\\/\"]}]},{\"@type\":\"ImageObject\",\"inLanguage\":\"es\",\"@id\":\"https:\\\/\\\/tastfigueres.com\\\/es\\\/producto\\\/cafe-de-la-casa\\\/#primaryimage\",\"url\":\"https:\\\/\\\/tastfigueres.com\\\/wp-content\\\/uploads\\\/2025\\\/08\\\/cafe-de-la-casa-01-1.jpg\",\"contentUrl\":\"https:\\\/\\\/tastfigueres.com\\\/wp-content\\\/uploads\\\/2025\\\/08\\\/cafe-de-la-casa-01-1.jpg\",\"width\":596,\"height\":912,\"caption\":\"Caf\u00e9 de la casa\"},{\"@type\":\"BreadcrumbList\",\"@id\":\"https:\\\/\\\/tastfigueres.com\\\/es\\\/producto\\\/cafe-de-la-casa\\\/#breadcrumb\",\"itemListElement\":[{\"@type\":\"ListItem\",\"position\":1,\"name\":\"Portada\",\"item\":\"https:\\\/\\\/tastfigueres.com\\\/es\\\/\"},{\"@type\":\"ListItem\",\"position\":2,\"name\":\"Productos\",\"item\":\"https:\\\/\\\/tastfigueres.com\\\/es\\\/productos\\\/\"},{\"@type\":\"ListItem\",\"position\":3,\"name\":\"Caf\u00e9 de la casa\"}]},{\"@type\":\"WebSite\",\"@id\":\"https:\\\/\\\/tastfigueres.com\\\/es\\\/#website\",\"url\":\"https:\\\/\\\/tastfigueres.com\\\/es\\\/\",\"name\":\"Tast Figueres\",\"description\":\"\",\"publisher\":{\"@id\":\"https:\\\/\\\/tastfigueres.com\\\/es\\\/#organization\"},\"potentialAction\":[{\"@type\":\"SearchAction\",\"target\":{\"@type\":\"EntryPoint\",\"urlTemplate\":\"https:\\\/\\\/tastfigueres.com\\\/es\\\/?s={search_term_string}\"},\"query-input\":{\"@type\":\"PropertyValueSpecification\",\"valueRequired\":true,\"valueName\":\"search_term_string\"}}],\"inLanguage\":\"es\"},{\"@type\":\"Organization\",\"@id\":\"https:\\\/\\\/tastfigueres.com\\\/es\\\/#organization\",\"name\":\"Tast Figueres\",\"url\":\"https:\\\/\\\/tastfigueres.com\\\/es\\\/\",\"logo\":{\"@type\":\"ImageObject\",\"inLanguage\":\"es\",\"@id\":\"https:\\\/\\\/tastfigueres.com\\\/es\\\/#\\\/schema\\\/logo\\\/image\\\/\",\"url\":\"https:\\\/\\\/tastfigueres.com\\\/wp-content\\\/uploads\\\/2025\\\/08\\\/logo.png\",\"contentUrl\":\"https:\\\/\\\/tastfigueres.com\\\/wp-content\\\/uploads\\\/2025\\\/08\\\/logo.png\",\"width\":176,\"height\":138,\"caption\":\"Tast Figueres\"},\"image\":{\"@id\":\"https:\\\/\\\/tastfigueres.com\\\/es\\\/#\\\/schema\\\/logo\\\/image\\\/\"},\"sameAs\":[\"https:\\\/\\\/www.facebook.com\\\/tastfigueres\\\/\",\"https:\\\/\\\/www.instagram.com\\\/tastfigueres\\\/\"]}]}<\/script>\n<!-- \/ Yoast SEO plugin. -->","yoast_head_json":{"title":"Caf\u00e9 de la casa - Tast Figueres","robots":{"index":"index","follow":"follow","max-snippet":"max-snippet:-1","max-image-preview":"max-image-preview:large","max-video-preview":"max-video-preview:-1"},"canonical":"https:\/\/tastfigueres.com\/es\/producto\/cafe-de-la-casa\/","og_locale":"es_ES","og_type":"article","og_title":"Caf\u00e9 de la casa - Tast Figueres","og_description":"Nuestro caf\u00e9 \u201cDe la Casa\u201d es una mezcla artesanal con m\u00e1s de 30 a\u00f1os de historia. Equilibrado, arom\u00e1tico y siempre \u00fanico, combina or\u00edgenes de Brasil, Colombia, Costa Rica y Kenia.","og_url":"https:\/\/tastfigueres.com\/es\/producto\/cafe-de-la-casa\/","og_site_name":"Tast Figueres","article_publisher":"https:\/\/www.facebook.com\/tastfigueres\/","article_modified_time":"2025-10-15T07:39:14+00:00","og_image":[{"width":596,"height":912,"url":"https:\/\/tastfigueres.com\/wp-content\/uploads\/2025\/08\/cafe-de-la-casa-01-1.jpg","type":"image\/jpeg"}],"twitter_card":"summary_large_image","twitter_misc":{"Tiempo de lectura":"1 minuto"},"schema":{"@context":"https:\/\/schema.org","@graph":[{"@type":"WebPage","@id":"https:\/\/tastfigueres.com\/es\/producto\/cafe-de-la-casa\/","url":"https:\/\/tastfigueres.com\/es\/producto\/cafe-de-la-casa\/","name":"Caf\u00e9 de la casa - Tast Figueres","isPartOf":{"@id":"https:\/\/tastfigueres.com\/es\/#website"},"primaryImageOfPage":{"@id":"https:\/\/tastfigueres.com\/es\/producto\/cafe-de-la-casa\/#primaryimage"},"image":{"@id":"https:\/\/tastfigueres.com\/es\/producto\/cafe-de-la-casa\/#primaryimage"},"thumbnailUrl":"https:\/\/tastfigueres.com\/wp-content\/uploads\/2025\/08\/cafe-de-la-casa-01-1.jpg","datePublished":"2025-08-13T11:11:02+00:00","dateModified":"2025-10-15T07:39:14+00:00","breadcrumb":{"@id":"https:\/\/tastfigueres.com\/es\/producto\/cafe-de-la-casa\/#breadcrumb"},"inLanguage":"es","potentialAction":[{"@type":"ReadAction","target":["https:\/\/tastfigueres.com\/es\/producto\/cafe-de-la-casa\/"]}]},{"@type":"ImageObject","inLanguage":"es","@id":"https:\/\/tastfigueres.com\/es\/producto\/cafe-de-la-casa\/#primaryimage","url":"https:\/\/tastfigueres.com\/wp-content\/uploads\/2025\/08\/cafe-de-la-casa-01-1.jpg","contentUrl":"https:\/\/tastfigueres.com\/wp-content\/uploads\/2025\/08\/cafe-de-la-casa-01-1.jpg","width":596,"height":912,"caption":"Caf\u00e9 de la casa"},{"@type":"BreadcrumbList","@id":"https:\/\/tastfigueres.com\/es\/producto\/cafe-de-la-casa\/#breadcrumb","itemListElement":[{"@type":"ListItem","position":1,"name":"Portada","item":"https:\/\/tastfigueres.com\/es\/"},{"@type":"ListItem","position":2,"name":"Productos","item":"https:\/\/tastfigueres.com\/es\/productos\/"},{"@type":"ListItem","position":3,"name":"Caf\u00e9 de la casa"}]},{"@type":"WebSite","@id":"https:\/\/tastfigueres.com\/es\/#website","url":"https:\/\/tastfigueres.com\/es\/","name":"Tast Figueres","description":"","publisher":{"@id":"https:\/\/tastfigueres.com\/es\/#organization"},"potentialAction":[{"@type":"SearchAction","target":{"@type":"EntryPoint","urlTemplate":"https:\/\/tastfigueres.com\/es\/?s={search_term_string}"},"query-input":{"@type":"PropertyValueSpecification","valueRequired":true,"valueName":"search_term_string"}}],"inLanguage":"es"},{"@type":"Organization","@id":"https:\/\/tastfigueres.com\/es\/#organization","name":"Tast Figueres","url":"https:\/\/tastfigueres.com\/es\/","logo":{"@type":"ImageObject","inLanguage":"es","@id":"https:\/\/tastfigueres.com\/es\/#\/schema\/logo\/image\/","url":"https:\/\/tastfigueres.com\/wp-content\/uploads\/2025\/08\/logo.png","contentUrl":"https:\/\/tastfigueres.com\/wp-content\/uploads\/2025\/08\/logo.png","width":176,"height":138,"caption":"Tast Figueres"},"image":{"@id":"https:\/\/tastfigueres.com\/es\/#\/schema\/logo\/image\/"},"sameAs":["https:\/\/www.facebook.com\/tastfigueres\/","https:\/\/www.instagram.com\/tastfigueres\/"]}]}},"_links":{"self":[{"href":"https:\/\/tastfigueres.com\/es\/wp-json\/wp\/v2\/product\/566","targetHints":{"allow":["GET"]}}],"collection":[{"href":"https:\/\/tastfigueres.com\/es\/wp-json\/wp\/v2\/product"}],"about":[{"href":"https:\/\/tastfigueres.com\/es\/wp-json\/wp\/v2\/types\/product"}],"version-history":[{"count":9,"href":"https:\/\/tastfigueres.com\/es\/wp-json\/wp\/v2\/product\/566\/revisions"}],"predecessor-version":[{"id":1532,"href":"https:\/\/tastfigueres.com\/es\/wp-json\/wp\/v2\/product\/566\/revisions\/1532"}],"wp:featuredmedia":[{"embeddable":true,"href":"https:\/\/tastfigueres.com\/es\/wp-json\/wp\/v2\/media\/1434"}],"wp:attachment":[{"href":"https:\/\/tastfigueres.com\/es\/wp-json\/wp\/v2\/media?parent=566"}],"wp:term":[{"taxonomy":"product_brand","embeddable":true,"href":"https:\/\/tastfigueres.com\/es\/wp-json\/wp\/v2\/product_brand?post=566"},{"taxonomy":"product_cat","embeddable":true,"href":"https:\/\/tastfigueres.com\/es\/wp-json\/wp\/v2\/product_cat?post=566"},{"taxonomy":"product_tag","embeddable":true,"href":"https:\/\/tastfigueres.com\/es\/wp-json\/wp\/v2\/product_tag?post=566"}],"curies":[{"name":"wp","href":"https:\/\/api.w.org\/{rel}","templated":true}]}}